{"id":1134,"date":"2021-11-08T20:13:20","date_gmt":"2021-11-08T20:13:20","guid":{"rendered":"https:\/\/hotelpuertovalle.com\/?page_id=1134"},"modified":"2025-07-22T21:01:07","modified_gmt":"2025-07-22T21:01:07","slug":"experiences","status":"publish","type":"page","link":"https:\/\/hotelpuertovalle.com\/en\/experiences\/","title":{"rendered":"Tours &amp; Excursions in North Argentina: Esteros del Iber\u00e1"},"content":{"rendered":"<p>[et_pb_section fb_built=&#8221;1&#8243; _builder_version=&#8221;4.16&#8243; _module_preset=&#8221;default&#8221; custom_padding=&#8221;3px|||||&#8221; global_colors_info=&#8221;{}&#8221; theme_builder_area=&#8221;post_content&#8221;][et_pb_row _builder_version=&#8221;4.16&#8243; _module_preset=&#8221;default&#8221; global_colors_info=&#8221;{}&#8221; theme_builder_area=&#8221;post_content&#8221;][et_pb_column type=&#8221;4_4&#8243; _builder_version=&#8221;4.16&#8243; _module_preset=&#8221;default&#8221; global_colors_info=&#8221;{}&#8221; theme_builder_area=&#8221;post_content&#8221;][et_pb_text _builder_version=&#8221;4.27.4&#8243; _module_preset=&#8221;default&#8221; text_font=&#8221;||||||||&#8221; text_font_size=&#8221;16px&#8221; header_2_font=&#8221;Montserrat||||||||&#8221; header_2_text_color=&#8221;#474747&#8243; header_2_font_size=&#8221;16px&#8221; header_2_line_height=&#8221;1.7em&#8221; text_orientation=&#8221;center&#8221; custom_margin=&#8221;||39px|||&#8221; hover_enabled=&#8221;0&#8243; global_colors_info=&#8221;{}&#8221; theme_builder_area=&#8221;post_content&#8221; sticky_enabled=&#8221;0&#8243;]<\/p>\n<p><strong>PUERTO VALLE PROGRAM:<\/strong><\/p>\n<p>All-Inclusive \/ Full-board program: breakfast, lunch, tea, dinner and snacks during excursions.<\/p>\n<p>Excursions and activities in Esteros del Iber\u00e1, Paran\u00e1 River, and the Estancia are included. We also offer special conservation tours and nature trips, for an extra cost.<\/p>\n<p>Transfers to and from Posadas airport (up to 6 passengers).<\/p>\n<p>Bilingual guides for the exclusive activities of Puerto Valle guests:<\/p>\n<p>The Wetlands: Expedition to Laguna Valle, Argentina.<\/p>\n<p>The River: Kayaking in the Paran\u00e1 River.<\/p>\n<p>The Estancia: horseback riding, tour of the tree nursery and the organic garden.<\/p>\n<p>[\/et_pb_text][\/et_pb_column][\/et_pb_row][et_pb_row use_custom_gutter=&#8221;on&#8221; _builder_version=&#8221;4.16&#8243; _module_preset=&#8221;default&#8221; global_colors_info=&#8221;{}&#8221; theme_builder_area=&#8221;post_content&#8221;][et_pb_column type=&#8221;4_4&#8243; _builder_version=&#8221;4.16&#8243; _module_preset=&#8221;default&#8221; global_colors_info=&#8221;{}&#8221; theme_builder_area=&#8221;post_content&#8221;][et_pb_blog fullwidth=&#8221;off&#8221; posts_number=&#8221;9&#8243; include_categories=&#8221;29&#8243; excerpt_length=&#8221;256&#8243; show_more=&#8221;on&#8221; show_author=&#8221;off&#8221; show_date=&#8221;off&#8221; show_categories=&#8221;off&#8221; show_pagination=&#8221;off&#8221; use_overlay=&#8221;on&#8221; overlay_icon_color=&#8221;#B86926&#8243; hover_overlay_color=&#8221;rgba(0,0,0,0.69)&#8221; hover_icon=&#8221;&#x24;||divi||400&#8243; module_class=&#8221;blog-bp&#8221; _builder_version=&#8221;4.23.2&#8243; _module_preset=&#8221;default&#8221; header_font=&#8221;||||||||&#8221; header_text_color=&#8221;#B86926&#8243; header_font_size=&#8221;18px&#8221; read_more_text_color=&#8221;#B86926&#8243; background_enable_image=&#8221;off&#8221; custom_margin=&#8221;||||false|false&#8221; custom_css_read_more=&#8221;text-transform:uppercase; margin-top:25px; padding-bottom:15px; width:fit-content; border-bottom:1px solid&#8221; border_width_all=&#8221;0px&#8221; global_colors_info=&#8221;{}&#8221; custom_css_main_element_last_edited=&#8221;on|phone&#8221; theme_builder_area=&#8221;post_content&#8221;][\/et_pb_blog][\/et_pb_column][\/et_pb_row][\/et_pb_section][et_pb_section fb_built=&#8221;1&#8243; _builder_version=&#8221;4.16&#8243; _module_preset=&#8221;default&#8221; custom_padding=&#8221;3px|||||&#8221; global_colors_info=&#8221;{}&#8221; theme_builder_area=&#8221;post_content&#8221;][et_pb_row _builder_version=&#8221;4.16&#8243; _module_preset=&#8221;default&#8221; global_colors_info=&#8221;{}&#8221; theme_builder_area=&#8221;post_content&#8221;][et_pb_column type=&#8221;4_4&#8243; _builder_version=&#8221;4.16&#8243; _module_preset=&#8221;default&#8221; global_colors_info=&#8221;{}&#8221; theme_builder_area=&#8221;post_content&#8221;][et_pb_text _builder_version=&#8221;4.18.0&#8243; _module_preset=&#8221;default&#8221; text_font_size=&#8221;16px&#8221; text_orientation=&#8221;center&#8221; global_colors_info=&#8221;{}&#8221; theme_builder_area=&#8221;post_content&#8221;]<\/p>\n<h2>Other Activities<\/h2>\n<p>[\/et_pb_text][\/et_pb_column][\/et_pb_row][et_pb_row use_custom_gutter=&#8221;on&#8221; _builder_version=&#8221;4.16&#8243; _module_preset=&#8221;default&#8221; global_colors_info=&#8221;{}&#8221; theme_builder_area=&#8221;post_content&#8221;][et_pb_column type=&#8221;4_4&#8243; _builder_version=&#8221;4.16&#8243; _module_preset=&#8221;default&#8221; global_colors_info=&#8221;{}&#8221; theme_builder_area=&#8221;post_content&#8221;][et_pb_blog fullwidth=&#8221;off&#8221; posts_number=&#8221;9&#8243; include_categories=&#8221;30&#8243; excerpt_length=&#8221;256&#8243; show_more=&#8221;on&#8221; show_author=&#8221;off&#8221; show_date=&#8221;off&#8221; show_categories=&#8221;off&#8221; show_pagination=&#8221;off&#8221; use_overlay=&#8221;on&#8221; overlay_icon_color=&#8221;#B86926&#8243; hover_overlay_color=&#8221;rgba(0,0,0,0.69)&#8221; hover_icon=&#8221;&#x24;||divi||400&#8243; module_class=&#8221;blog-bp blog-02&#8243; _builder_version=&#8221;4.23.1&#8243; _module_preset=&#8221;default&#8221; header_level=&#8221;h3&#8243; header_font=&#8221;||||||||&#8221; header_text_color=&#8221;#B86926&#8243; header_font_size=&#8221;18px&#8221; read_more_text_color=&#8221;#B86926&#8243; background_enable_image=&#8221;off&#8221; custom_margin=&#8221;||||false|false&#8221; custom_css_read_more=&#8221;text-transform:uppercase; margin-top:25px; padding-bottom:15px; width:fit-content; border-bottom:1px solid&#8221; border_width_all=&#8221;0px&#8221; global_colors_info=&#8221;{}&#8221; custom_css_main_element_last_edited=&#8221;on|phone&#8221; theme_builder_area=&#8221;post_content&#8221;][\/et_pb_blog][\/et_pb_column][\/et_pb_row][\/et_pb_section]<\/p>\n","protected":false},"excerpt":{"rendered":"<p>PUERTO VALLE PROGRAM: All-Inclusive \/ Full-board program: breakfast, lunch, tea, dinner and snacks during excursions. Excursions and activities in Esteros del Iber\u00e1, Paran\u00e1 River, and the Estancia are included. We also offer special conservation tours and nature trips, for an extra cost. Transfers to and from Posadas airport (up to 6 passengers). Bilingual guides for [&hellip;]<\/p>\n","protected":false},"author":1,"featured_media":3556,"parent":0,"menu_order":0,"comment_status":"closed","ping_status":"closed","template":"","meta":{"_et_pb_use_builder":"on","_et_pb_old_content":"[et_pb_section fb_built=\"1\" _builder_version=\"4.13.0\" _module_preset=\"default\" custom_padding=\"3px|||||\" global_colors_info=\"{}\" theme_builder_area=\"post_content\"][et_pb_row _builder_version=\"4.13.0\" _module_preset=\"default\" global_colors_info=\"{}\" theme_builder_area=\"post_content\"][et_pb_column type=\"4_4\" _builder_version=\"4.13.0\" _module_preset=\"default\" global_colors_info=\"{}\" theme_builder_area=\"post_content\"][et_pb_text _builder_version=\"4.13.0\" _module_preset=\"default\" text_font_size=\"16px\" text_orientation=\"center\" custom_margin=\"||39px|||\" global_colors_info=\"{}\" theme_builder_area=\"post_content\"]\n<h3>PROGRAMA PUERTO VALLE:<\/h3>\n&nbsp;\n\nActividades incluidas en los Esteros del Ibera, en el Rio Paran\u00e1, y en la Estancia.\n\nTraslados desde y hacia el aeropuerto de Posadas.\n\nGu\u00edas biling\u00fces para las actividades exclusivas de los hu\u00e9spedes de Puerto Valle:\n\nEn los ESTEROS: expedici\u00f3n a Laguna Valle y Safari fotogr\u00e1fico al Portal Cambyreta.\n\nEn el RIO: navegaci\u00f3n por el R\u00edo Paran\u00e1 y traves\u00edas en kayak.\n\nEn la ESTANCIA: paseos a caballo, visita al vivero forestal y a la huerta org\u00e1nica.\n\n[\/et_pb_text][\/et_pb_column][\/et_pb_row][et_pb_row use_custom_gutter=\"on\" _builder_version=\"4.13.0\" _module_preset=\"default\" global_colors_info=\"{}\" theme_builder_area=\"post_content\"][et_pb_column type=\"4_4\" _builder_version=\"4.13.0\" _module_preset=\"default\" global_colors_info=\"{}\" theme_builder_area=\"post_content\"][et_pb_blog fullwidth=\"off\" posts_number=\"6\" include_categories=\"7\" excerpt_length=\"256\" show_author=\"off\" show_date=\"off\" show_categories=\"off\" show_pagination=\"off\" use_overlay=\"on\" overlay_icon_color=\"#B86926\" hover_overlay_color=\"rgba(0,0,0,0.69)\" hover_icon=\"$||divi||400\" module_class=\"blog-bp\" _builder_version=\"4.14.2\" _module_preset=\"default\" header_level=\"h3\" header_font=\"||||||||\" header_text_color=\"#B86926\" header_font_size=\"18px\" read_more_text_color=\"#B86926\" background_enable_image=\"off\" custom_margin=\"||||false|false\" hover_enabled=\"0\" custom_css_read_more=\"text-transform:uppercase; margin-top:25px; padding-bottom:15px; width:fit-content; border-bottom:1px solid\" border_width_all=\"0px\" global_colors_info=\"{}\" custom_css_main_element_last_edited=\"on|phone\" theme_builder_area=\"post_content\" show_more=\"on\" sticky_enabled=\"0\"][\/et_pb_blog][\/et_pb_column][\/et_pb_row][\/et_pb_section][et_pb_section fb_built=\"1\" _builder_version=\"4.13.0\" _module_preset=\"default\" custom_padding=\"3px|||||\" global_colors_info=\"{}\" theme_builder_area=\"post_content\"][et_pb_row _builder_version=\"4.13.0\" _module_preset=\"default\" global_colors_info=\"{}\" theme_builder_area=\"post_content\"][et_pb_column type=\"4_4\" _builder_version=\"4.13.0\" _module_preset=\"default\" global_colors_info=\"{}\" theme_builder_area=\"post_content\"][et_pb_text _builder_version=\"4.13.0\" _module_preset=\"default\" text_font_size=\"16px\" text_orientation=\"center\" global_colors_info=\"{}\" theme_builder_area=\"post_content\"]\n<h3>Programas Personalizables<\/h3>\nOtras Actividades\n\n[\/et_pb_text][\/et_pb_column][\/et_pb_row][et_pb_row use_custom_gutter=\"on\" _builder_version=\"4.13.0\" _module_preset=\"default\" global_colors_info=\"{}\" theme_builder_area=\"post_content\"][et_pb_column type=\"4_4\" _builder_version=\"4.13.0\" _module_preset=\"default\" global_colors_info=\"{}\" theme_builder_area=\"post_content\"][et_pb_blog fullwidth=\"off\" posts_number=\"6\" include_categories=\"14\" excerpt_length=\"256\" show_author=\"off\" show_date=\"off\" show_categories=\"off\" show_pagination=\"off\" use_overlay=\"on\" overlay_icon_color=\"#B86926\" hover_overlay_color=\"rgba(0,0,0,0.69)\" hover_icon=\"$||divi||400\" module_class=\"blog-bp\" _builder_version=\"4.14.2\" _module_preset=\"default\" header_level=\"h3\" header_font=\"||||||||\" header_text_color=\"#B86926\" header_font_size=\"18px\" read_more_text_color=\"#B86926\" background_enable_image=\"off\" custom_margin=\"||||false|false\" hover_enabled=\"0\" custom_css_read_more=\"text-transform:uppercase; margin-top:25px; padding-bottom:15px; width:fit-content; border-bottom:1px solid\" border_width_all=\"0px\" global_colors_info=\"{}\" custom_css_main_element_last_edited=\"on|phone\" theme_builder_area=\"post_content\" show_more=\"on\" sticky_enabled=\"0\"][\/et_pb_blog][\/et_pb_column][\/et_pb_row][\/et_pb_section]","_et_gb_content_width":"","footnotes":""},"class_list":["post-1134","page","type-page","status-publish","has-post-thumbnail","hentry"],"aioseo_notices":[],"_links":{"self":[{"href":"https:\/\/hotelpuertovalle.com\/en\/wp-json\/wp\/v2\/pages\/1134","targetHints":{"allow":["GET"]}}],"collection":[{"href":"https:\/\/hotelpuertovalle.com\/en\/wp-json\/wp\/v2\/pages"}],"about":[{"href":"https:\/\/hotelpuertovalle.com\/en\/wp-json\/wp\/v2\/types\/page"}],"author":[{"embeddable":true,"href":"https:\/\/hotelpuertovalle.com\/en\/wp-json\/wp\/v2\/users\/1"}],"replies":[{"embeddable":true,"href":"https:\/\/hotelpuertovalle.com\/en\/wp-json\/wp\/v2\/comments?post=1134"}],"version-history":[{"count":30,"href":"https:\/\/hotelpuertovalle.com\/en\/wp-json\/wp\/v2\/pages\/1134\/revisions"}],"predecessor-version":[{"id":6661,"href":"https:\/\/hotelpuertovalle.com\/en\/wp-json\/wp\/v2\/pages\/1134\/revisions\/6661"}],"wp:featuredmedia":[{"embeddable":true,"href":"https:\/\/hotelpuertovalle.com\/en\/wp-json\/wp\/v2\/media\/3556"}],"wp:attachment":[{"href":"https:\/\/hotelpuertovalle.com\/en\/wp-json\/wp\/v2\/media?parent=1134"}],"curies":[{"name":"wp","href":"https:\/\/api.w.org\/{rel}","templated":true}]}}