{"id":1203,"date":"2021-11-08T20:52:12","date_gmt":"2021-11-08T20:52:12","guid":{"rendered":"https:\/\/hotelpuertovalle.com\/?page_id=1203"},"modified":"2025-04-28T22:03:30","modified_gmt":"2025-04-28T22:03:30","slug":"location","status":"publish","type":"page","link":"https:\/\/hotelpuertovalle.com\/en\/location\/","title":{"rendered":"Location &amp; Map: Hotel Puerto Valle, Esteros del Iber\u00e1"},"content":{"rendered":"<p>[et_pb_section fb_built=&#8221;1&#8243; _builder_version=&#8221;4.16&#8243; _module_preset=&#8221;default&#8221; custom_padding=&#8221;0px||74px|||&#8221; global_colors_info=&#8221;{}&#8221; theme_builder_area=&#8221;post_content&#8221;][et_pb_row column_structure=&#8221;1_2,1_2&#8243; _builder_version=&#8221;4.16&#8243; _module_preset=&#8221;default&#8221; global_colors_info=&#8221;{}&#8221; theme_builder_area=&#8221;post_content&#8221;][et_pb_column type=&#8221;1_2&#8243; _builder_version=&#8221;4.16&#8243; _module_preset=&#8221;default&#8221; global_colors_info=&#8221;{}&#8221; theme_builder_area=&#8221;post_content&#8221;][et_pb_code _builder_version=&#8221;4.16&#8243; _module_preset=&#8221;default&#8221; global_colors_info=&#8221;{}&#8221; theme_builder_area=&#8221;post_content&#8221;]<iframe src=\"https:\/\/www.google.com\/maps\/embed?pb=!1m14!1m8!1m3!1d1810184.544640751!2d-56.43926!3d-27.60851!3m2!1i1024!2i768!4f13.1!3m3!1m2!1s0x0%3A0xfba69d78a002728c!2sPuerto%20Valle%20Hotel%20de%20Esteros!5e0!3m2!1ses!2sar!4v1637757147131!5m2!1ses!2sar\" width=\"100%\" height=\"550\" style=\"border:0;\" allowfullscreen=\"\" loading=\"lazy\"><\/iframe>[\/et_pb_code][\/et_pb_column][et_pb_column type=&#8221;1_2&#8243; _builder_version=&#8221;4.16&#8243; _module_preset=&#8221;default&#8221; global_colors_info=&#8221;{}&#8221; theme_builder_area=&#8221;post_content&#8221;][et_pb_text _builder_version=&#8221;4.23.1&#8243; _module_preset=&#8221;default&#8221; text_orientation=&#8221;justified&#8221; hover_enabled=&#8221;0&#8243; global_colors_info=&#8221;{}&#8221; theme_builder_area=&#8221;post_content&#8221; sticky_enabled=&#8221;0&#8243; inline_fonts=&#8221;Abril Fatface&#8221;]<\/p>\n<p class=\"\">Hotel Puerto Valle is located in the northeast of Argentina, in Corrientes Province, in the Littoral Region.<\/p>\n<p class=\"\">It is on the northern gateway of Iber\u00e1 National Park, on a privileged location. It is the only property that is only a <strong>2-hour flight away from Buenos Aires City<\/strong>, and has convenient access from <strong>Posadas airport<\/strong>, a 40-minute ride on a paved road.<\/p>\n<p class=\"\">Our hotel is only a <strong>4 hour-ride away from the Iguazu Falls<\/strong>, with the possibility to stop over at the San Ignacio Min\u00ed Ruins, a UNESCO Heritage Site, which are only 1.5 h away from the hotel.<\/p>\n<h2>Distances<\/h2>\n<p>On the map you can find directions to our hotel if you are traveling from:<\/p>\n<ul>\n<li><strong>Posadas Airport<\/strong> (PSS)<strong>:<\/strong> 34 miles<\/li>\n<li><strong>Iguazu Falls:<\/strong> 217 miles<\/li>\n<li><strong>San Ignacio Ruins<\/strong>: 68 miles<\/li>\n<li><strong>Ituzaingo:<\/strong> 15 miles<\/li>\n<li><strong>Corrientes Capital City<\/strong>: 161 miles<\/li>\n<\/ul>\n<p>&nbsp;<\/p>\n<p>[\/et_pb_text][\/et_pb_column][\/et_pb_row][\/et_pb_section]<\/p>\n","protected":false},"excerpt":{"rendered":"<p>Hotel Puerto Valle is located in the northeast of Argentina, in Corrientes Province, in the Littoral Region. It is on the northern gateway of Iber\u00e1 National Park, on a privileged location. It is the only property that is only a 2-hour flight away from Buenos Aires City, and has convenient access from Posadas airport, a [&hellip;]<\/p>\n","protected":false},"author":1,"featured_media":3600,"parent":0,"menu_order":0,"comment_status":"closed","ping_status":"closed","template":"","meta":{"_et_pb_use_builder":"on","_et_pb_old_content":"[et_pb_section fb_built=\"1\" _builder_version=\"4.13.0\" _module_preset=\"default\" custom_padding=\"0px||74px|||\" global_colors_info=\"{}\" theme_builder_area=\"post_content\"][et_pb_row _builder_version=\"4.13.0\" _module_preset=\"default\" global_colors_info=\"{}\" theme_builder_area=\"post_content\"][et_pb_column type=\"4_4\" _builder_version=\"4.13.0\" _module_preset=\"default\" global_colors_info=\"{}\" theme_builder_area=\"post_content\"][et_pb_text _builder_version=\"4.13.0\" _module_preset=\"default\" text_font_size=\"16px\" text_line_height=\"1.5em\" text_orientation=\"center\" width=\"70%\" width_tablet=\"70%\" width_phone=\"95%\" width_last_edited=\"on|phone\" module_alignment=\"center\" custom_margin=\"||-2px||false|false\" global_colors_info=\"{}\" theme_builder_area=\"post_content\"]\n\nDuis aute irure dolor in reprehenderit in voluptate velit esse cillum dolore eu fugiat nulla pariatur.\n\n[\/et_pb_text][\/et_pb_column][\/et_pb_row][et_pb_row column_structure=\"1_2,1_2\" _builder_version=\"4.13.0\" _module_preset=\"default\" global_colors_info=\"{}\" theme_builder_area=\"post_content\"][et_pb_column type=\"1_2\" _builder_version=\"4.13.0\" _module_preset=\"default\" global_colors_info=\"{}\" theme_builder_area=\"post_content\"][et_pb_code _builder_version=\"4.13.0\" _module_preset=\"default\" global_colors_info=\"{}\" theme_builder_area=\"post_content\"]<iframe src=\"https:\/\/www.google.com\/maps\/embed?pb=!1m14!1m8!1m3!1d1810184.544640751!2d-56.43926!3d-27.60851!3m2!1i1024!2i768!4f13.1!3m3!1m2!1s0x0%3A0xfba69d78a002728c!2sPuerto%20Valle%20Hotel%20de%20Esteros!5e0!3m2!1ses!2sar!4v1637757147131!5m2!1ses!2sar\" width=\"100%\" height=\"550\" style=\"border:0;\" allowfullscreen=\"\" loading=\"lazy\"><\/iframe>[\/et_pb_code][\/et_pb_column][et_pb_column type=\"1_2\" _builder_version=\"4.13.0\" _module_preset=\"default\" global_colors_info=\"{}\" theme_builder_area=\"post_content\"][et_pb_text _builder_version=\"4.13.0\" _module_preset=\"default\" hover_enabled=\"0\" global_colors_info=\"{}\" theme_builder_area=\"post_content\" text_orientation=\"justified\" sticky_enabled=\"0\"]\n<h2>D\u00f3nde Estamos<\/h2>\nPuerto Valle est\u00e1 ubicado en el Noreste de Argentina, en la provincia de Corrientes perteneciente a la regi\u00f3n del Litoral.\n\nSe encuentra en el ingreso norte del Parque Nacional Iber\u00e1 y tiene una ubicaci\u00f3n privilegiada ya es la \u00fanica propiedad que se encuentra a solo 2 horas de Buenos Aires y cuenta con f\u00e1cil acceso desde el aeropuerto de Posadas, a 40 minutos por ruta asfaltada.\n\nA solo 4 horas de Cataratas del Iguaz\u00fa pasando por Ruinas de San Ignacio Mini, Patrimonio UNESCO, estas \u00faltimas se encuentran a 1.5 horas del hotel.\n<h2><\/h2>\n<h2><\/h2>\n<h2>Distancias<\/h2>\n<strong>Aeropuerto de Posadas (PSS)<\/strong> 55 km\n<strong>Cataratas del Iguazu<\/strong> 350 km\n<strong>Ruinas de San Ignacio<\/strong> 110 km\n<strong>Ituzaingo<\/strong> 25 km\n<strong>Corrientes<\/strong> 260 km\n\n&nbsp;\n\n[\/et_pb_text][\/et_pb_column][\/et_pb_row][\/et_pb_section]","_et_gb_content_width":"","footnotes":""},"class_list":["post-1203","page","type-page","status-publish","has-post-thumbnail","hentry"],"aioseo_notices":[],"_links":{"self":[{"href":"https:\/\/hotelpuertovalle.com\/en\/wp-json\/wp\/v2\/pages\/1203","targetHints":{"allow":["GET"]}}],"collection":[{"href":"https:\/\/hotelpuertovalle.com\/en\/wp-json\/wp\/v2\/pages"}],"about":[{"href":"https:\/\/hotelpuertovalle.com\/en\/wp-json\/wp\/v2\/types\/page"}],"author":[{"embeddable":true,"href":"https:\/\/hotelpuertovalle.com\/en\/wp-json\/wp\/v2\/users\/1"}],"replies":[{"embeddable":true,"href":"https:\/\/hotelpuertovalle.com\/en\/wp-json\/wp\/v2\/comments?post=1203"}],"version-history":[{"count":19,"href":"https:\/\/hotelpuertovalle.com\/en\/wp-json\/wp\/v2\/pages\/1203\/revisions"}],"predecessor-version":[{"id":6432,"href":"https:\/\/hotelpuertovalle.com\/en\/wp-json\/wp\/v2\/pages\/1203\/revisions\/6432"}],"wp:featuredmedia":[{"embeddable":true,"href":"https:\/\/hotelpuertovalle.com\/en\/wp-json\/wp\/v2\/media\/3600"}],"wp:attachment":[{"href":"https:\/\/hotelpuertovalle.com\/en\/wp-json\/wp\/v2\/media?parent=1203"}],"curies":[{"name":"wp","href":"https:\/\/api.w.org\/{rel}","templated":true}]}}