{"id":1436,"date":"2022-06-21T11:43:21","date_gmt":"2022-06-21T11:43:21","guid":{"rendered":"https:\/\/hotelpuertovalle.com\/?page_id=1436"},"modified":"2024-10-25T21:53:31","modified_gmt":"2024-10-25T21:53:31","slug":"privacy-policy","status":"publish","type":"page","link":"https:\/\/hotelpuertovalle.com\/en\/privacy-policy\/","title":{"rendered":"Privacy Policy"},"content":{"rendered":"<p>[et_pb_section fb_built=&#8221;1&#8243; admin_label=&#8221;section&#8221; _builder_version=&#8221;4.16&#8243; global_colors_info=&#8221;{}&#8221; theme_builder_area=&#8221;post_content&#8221;][et_pb_row admin_label=&#8221;row&#8221; _builder_version=&#8221;4.16&#8243; background_size=&#8221;initial&#8221; background_position=&#8221;top_left&#8221; background_repeat=&#8221;repeat&#8221; global_colors_info=&#8221;{}&#8221; theme_builder_area=&#8221;post_content&#8221;][et_pb_column type=&#8221;4_4&#8243; _builder_version=&#8221;4.16&#8243; custom_padding=&#8221;|||&#8221; global_colors_info=&#8221;{}&#8221; custom_padding__hover=&#8221;|||&#8221; theme_builder_area=&#8221;post_content&#8221;][et_pb_text admin_label=&#8221;Text&#8221; _builder_version=&#8221;4.17.4&#8243; background_size=&#8221;initial&#8221; background_position=&#8221;top_left&#8221; background_repeat=&#8221;repeat&#8221; text_orientation=&#8221;center&#8221; width=&#8221;80%&#8221; width_tablet=&#8221;100%&#8221; width_phone=&#8221;100%&#8221; width_last_edited=&#8221;on|desktop&#8221; module_alignment=&#8221;center&#8221; module_alignment_tablet=&#8221;center&#8221; module_alignment_phone=&#8221;center&#8221; module_alignment_last_edited=&#8221;on|tablet&#8221; global_colors_info=&#8221;{}&#8221; theme_builder_area=&#8221;post_content&#8221;]<\/p>\n<\/p>\n<p><!-- divi:heading {\"level\":1} -->\n<\/p>\n<p>\n<!-- \/divi:heading --><\/p>\n<\/p>\n<p><!-- divi:paragraph --><br \/>\n<strong>POL\u00cdTICA DE PRIVACIDAD Y RESGUARDO DE DATOS.<\/strong><\/p>\n<p>Informaci\u00f3n de registro: Al registrase contratar servicios de hoteler\u00eda con Puerto Valle , la misma le solicita llenar un formato de registro en el cual se especifican su nombre, direcci\u00f3n y n\u00famero de calle, pa\u00eds, n\u00famero de tel\u00e9fono, direcci\u00f3n de correo electr\u00f3nico y otra informaci\u00f3n. Utilizamos esta informaci\u00f3n de registro para asistirnos en llevar a cabo las transacciones que Ud. haya iniciado, hacer reservaciones, contactarlo para servicio al cliente, mejorar nuestras ofertas y servicios, y recolectar estad\u00edsticas sobre nuestros afiliados. Usaremos estas estad\u00edsticas para clasificar nuestros afiliados, por ejemplo, por pa\u00eds de residencia, y para enviarles nuevos servicios y promociones. Podemos utilizar su direcci\u00f3n de correo electr\u00f3nico para contactarlo en relaci\u00f3n con dichos nuevos servicios y promociones o para enviarle cartas circulares promocionales o mensajes electr\u00f3nicos, salvo que Ud. no lo desee (ver m\u00e1s adelante: pol\u00edtica de renuncia opt. out).<\/p>\n<p>\n<!-- \/divi:paragraph --><\/p>\n<\/p>\n<p><!-- divi:paragraph --><br \/>\n<strong>Encuestas<\/strong>: Puerto Valle podr\u00e1 llevar a cabo o presentar peri\u00f3dicamente encuestas en l\u00ednea. La informaci\u00f3n obtenida por medio de dichas encuestas se usa para mejorar las ofertas de productos y servicios de Puerto Valle .<\/p>\n<p>\n<!-- \/divi:paragraph --><\/p>\n<\/p>\n<p><!-- divi:paragraph --><br \/>\n<strong>Uso de la p\u00e1gina<\/strong>: Puerto Valle mantiene un seguimiento de las direcciones IP de los hosts con fines de administraci\u00f3n y seguridad del sistema. Tambi\u00e9n monitoreamos el tr\u00e1fico de la p\u00e1gina rastreando las vistas de la p\u00e1gina que nos permite planear crecimiento (por ejemplo, agregando nuevos servidores).<\/p>\n<p>\n<!-- \/divi:paragraph --><\/p>\n<\/p>\n<p><!-- divi:paragraph --><br \/>\n<strong>Uso de cookies<\/strong>: Puerto Valle utiliza cookies a fin de hacer la p\u00e1gina m\u00e1s &#8220;amigable al usuario&#8221;, permiti\u00e9ndole a Ud. utilizar servicios sin tener que ingresar repetidamente la informaci\u00f3n de registro.<\/p>\n<p>\n<!-- \/divi:paragraph --><\/p>\n<\/p>\n<p><!-- divi:paragraph --><br \/>\n<strong>Divulgaci\u00f3n a terceros<\/strong>: Si Ud. reserva o compra productos o servicios en esta p\u00e1gina, Puerto Valle suministra la informaci\u00f3n personal relevante al proveedor del servicio contratado involucrado para completar las transacciones. Puerto Valle tambi\u00e9n suministra informaci\u00f3n personal a sus proveedores externos de servicios (tales como los programadores de Puerto Valle ) que asisten a Puerto Valle en el suministro, mantenimiento y comercializaci\u00f3n de esta p\u00e1gina, pero esos terceros est\u00e1n sujetos a contratos de confidencialidad que proh\u00edben la utilizaci\u00f3n o divulgaci\u00f3n no autorizadas de la informaci\u00f3n a la cual tienen acceso. Puerto Valle no vende a terceros &#8220;listados de usuarios&#8221; o nombres de miembros individuales, y no tiene intenci\u00f3n de hacerlo en el futuro. Puerto Valle divulgar\u00e1 informaci\u00f3n personal a funcionarios de gobierno o entidades legales cuando creamos de buena fe que la ley as\u00ed lo requiere, y divulgaremos informaci\u00f3n personal, si creemos que es necesario hacerlo para protecci\u00f3n contra interferencia de los derechos o propiedades de Puerto Valle o de sus usuarios. Puerto Valle tambi\u00e9n podr\u00e1 compartir informaci\u00f3n personal con sus afiliados.<\/p>\n<p>\n<!-- \/divi:paragraph --><\/p>\n<\/p>\n<p><!-- divi:paragraph --><br \/>\n<strong>Pol\u00edtica de renuncia (opt out)<\/strong>: Si Ud. reserva o compra productos o servicios en esta p\u00e1gina, Puerto Valle suministra la informaci\u00f3n personal relevante al proveedor del servicio contratado involucrado para completar las transacciones. Puerto Valle tambi\u00e9n suministra informaci\u00f3n personal a sus proveedores externos de servicios (tales como los programadores de Puerto Valle ) que asisten a Puerto Valle en el suministro, mantenimiento y comercializaci\u00f3n de esta p\u00e1gina, pero esos terceros est\u00e1n sujetos a contratos de confidencialidad que proh\u00edben la utilizaci\u00f3n o divulgaci\u00f3n no autorizadas de la informaci\u00f3n a la cual tienen acceso. Puerto Valle no vende a terceros &#8220;listados de usuarios&#8221; o nombres de miembros individuales, y no tiene intenci\u00f3n de hacerlo en el futuro. Puerto Valle divulgar\u00e1 informaci\u00f3n personal a funcionarios de gobierno o entidades legales cuando creamos de buena fe que la ley as\u00ed lo requiere, y divulgaremos informaci\u00f3n personal, si creemos que es necesario hacerlo para protecci\u00f3n contra interferencia de los derechos o propiedades de Puerto Valle o de sus usuarios. Puerto Valle tambi\u00e9n podr\u00e1 compartir informaci\u00f3n personal con sus afiliados.<\/p>\n<p>\n<!-- \/divi:paragraph --><\/p>\n<\/p>\n<p><!-- divi:paragraph --><br \/>\n<strong>Almacenamiento y transferencia de informaci\u00f3n<\/strong>: Por cuestiones de seguridad, Puerto Valle no guarda informaci\u00f3n sobre las tarjetas de cr\u00e9dito de sus usuarios. Por esta raz\u00f3n, cada vez que el usuario realice una transacci\u00f3n deber\u00e1 ingresar los datos de su tarjeta de cr\u00e9dito nuevamente. Toda otra informaci\u00f3n personal es recolectada y almacenada en servidores ubicados f\u00edsicamente en los Estados Unidos. Puerto Valle puede reubicar estos servidores en cualquier otro pa\u00eds, en el futuro, y puede almacenar informaci\u00f3n personal en los Estados Unidos o en otros pa\u00edses, con fines de respaldo o back up.<\/p>\n<p>\n<!-- \/divi:paragraph --><\/p>\n<\/p>\n<p><!-- divi:paragraph --><br \/>\n<strong>V\u00ednculos externos<\/strong>: Esta p\u00e1gina tiene v\u00ednculos (links) con otras p\u00e1ginas. Puerto Valle no es responsable por la confidencialidad o contenido de tales p\u00e1ginas web.<\/p>\n<p>\n<!-- \/divi:paragraph --><\/p>\n<\/p>\n<p><!-- divi:paragraph --><br \/>\n<strong>Acceso p\u00fablico a la informaci\u00f3n<\/strong>: Al colocar informaci\u00f3n en un \u00e1rea p\u00fablica de esta p\u00e1gina (por ejemplo: avisos, grupos de chat, \u00e1lbumes de fotograf\u00edas electr\u00f3nicos) esta informaci\u00f3n estar\u00e1 disponible a otros miembros y usuarios de la p\u00e1gina. Puerto Valle no puede controlar la utilizaci\u00f3n que hagan los miembros y usuarios de la informaci\u00f3n publicada en la p\u00e1gina. Por favor, recuerde que cualquier informaci\u00f3n que se divulgue en estas \u00e1reas puede convertirse en informaci\u00f3n p\u00fablica y se debe ejercer cuidado cuando se decida divulgar tal informaci\u00f3n.<\/p>\n<p>\n<!-- \/divi:paragraph --><\/p>\n<\/p>\n<p><!-- divi:paragraph --><br \/>\n<strong>Seguridad<\/strong>: Esta p\u00e1gina contiene medidas de seguridad para protecci\u00f3n contra p\u00e9rdida, uso indebido, o alteraci\u00f3n de la informaci\u00f3n, bajo control de Puerto Valle . Estas medidas de seguridad incluyen el uso de codificaci\u00f3n SSL (Secure Socket Layer) que es un sistema que permite a su browser codificar autom\u00e1ticamente los datos antes de enviarlos a Puerto Valle . A pesar de nuestras medidas de seguridad, le rogamos tener en cuenta que la &#8220;seguridad perfecta&#8221; no existe en Internet.<\/p>\n<p>\n<!-- \/divi:paragraph --><\/p>\n<\/p>\n<p><!-- divi:paragraph --><br \/>\n<strong>Para contactarnos<\/strong>: Si tiene preguntas sobre esta &#8220;Declaraci\u00f3n de Confidencialidad&#8221;, las pr\u00e1cticas de Puerto Valle , o sus negociaciones con la p\u00e1gina de Puerto Valle , nos puede contactar en la secci\u00f3n de &#8220;Cont\u00e1ctenos&#8221;.<\/p>\n<p>\n<!-- \/divi:paragraph --><\/p>\n<\/p>\n<p><!-- divi:paragraph --><br \/>\n<strong>Modificaciones<\/strong>: Cualquier modificaci\u00f3n a la manera como Puerto Valle utiliza la Informaci\u00f3n Personal ser\u00e1 reflejada en versiones futuras de esta &#8220;Declaraci\u00f3n de Confidencialidad&#8221;, y ser\u00e1n publicadas en esta p\u00e1gina. Puerto Valle encarece a los usuarios el revisar peri\u00f3dicamente esta &#8220;Declaraci\u00f3n de Confidencialidad&#8221;.<\/p>\n<p>\n<!-- \/divi:paragraph --><\/p>\n<\/p>\n<p><!-- divi:paragraph --><br \/>\n<strong>Aplicabilidad<\/strong>: Al navegar y\/o usar esta p\u00e1gina usted acepta expresamente cualquier utilizaci\u00f3n y divulgaci\u00f3n de la informaci\u00f3n que Ud. entrega a la p\u00e1gina (&#8220;informaci\u00f3n personal&#8221;) de acuerdo con las condiciones de uso de Puerto Valle y de esta \u201cDeclaraci\u00f3n de Confidencialidad\u201d. Esta \u201cDeclaraci\u00f3n de Confidencialidad\u201d est\u00e1 incorporada y sujeta a las condiciones de uso de Puerto Valle . Esta p\u00e1gina es para fines relacionados con alquiler de hoteles y est\u00e1 prohibida cualquier otra utilizaci\u00f3n.<\/p>\n<p>\n<!-- \/divi:paragraph --><\/p>\n<p>[\/et_pb_text][\/et_pb_column][\/et_pb_row][\/et_pb_section]<\/p>\n","protected":false},"excerpt":{"rendered":"<p>POL\u00cdTICA DE PRIVACIDAD Y RESGUARDO DE DATOS. Informaci\u00f3n de registro: Al registrase contratar servicios de hoteler\u00eda con Puerto Valle , la misma le solicita llenar un formato de registro en el cual se especifican su nombre, direcci\u00f3n y n\u00famero de calle, pa\u00eds, n\u00famero de tel\u00e9fono, direcci\u00f3n de correo electr\u00f3nico y otra informaci\u00f3n. Utilizamos esta informaci\u00f3n [&hellip;]<\/p>\n","protected":false},"author":1,"featured_media":822,"parent":0,"menu_order":0,"comment_status":"closed","ping_status":"closed","template":"","meta":{"_et_pb_use_builder":"on","_et_pb_old_content":"<p>[et_pb_section fb_built=\"1\" admin_label=\"section\" _builder_version=\"4.16\" global_colors_info=\"{}\" theme_builder_area=\"post_content\"][et_pb_row admin_label=\"row\" _builder_version=\"4.16\" background_size=\"initial\" background_position=\"top_left\" background_repeat=\"repeat\" global_colors_info=\"{}\" theme_builder_area=\"post_content\"][et_pb_column type=\"4_4\" _builder_version=\"4.16\" custom_padding=\"|||\" global_colors_info=\"{}\" custom_padding__hover=\"|||\" theme_builder_area=\"post_content\"][et_pb_text admin_label=\"Text\" _builder_version=\"4.17.4\" background_size=\"initial\" background_position=\"top_left\" background_repeat=\"repeat\" text_orientation=\"center\" width=\"80%\" width_tablet=\"100%\" width_phone=\"100%\" width_last_edited=\"on|desktop\" module_alignment=\"center\" module_alignment_tablet=\"center\" module_alignment_phone=\"center\" module_alignment_last_edited=\"on|tablet\" global_colors_info=\"{}\" theme_builder_area=\"post_content\"]<\/p>\n<p><\/p>\n\n<!-- wp:heading {\"level\":1} -->\n<\/p>\n<p>\n<!-- \/wp:heading -->\n\n<p><\/p>\n<p><\/p>\n\n<!-- wp:paragraph -->\n<strong>POL\u00cdTICA DE PRIVACIDAD Y RESGUARDO DE DATOS.<\/strong><\/p>\n<p>Informaci\u00f3n de registro: Al registrase contratar servicios de hoteler\u00eda con Puerto Valle , la misma le solicita llenar un formato de registro en el cual se especifican su nombre, direcci\u00f3n y n\u00famero de calle, pa\u00eds, n\u00famero de tel\u00e9fono, direcci\u00f3n de correo electr\u00f3nico y otra informaci\u00f3n. Utilizamos esta informaci\u00f3n de registro para asistirnos en llevar a cabo las transacciones que Ud. haya iniciado, hacer reservaciones, contactarlo para servicio al cliente, mejorar nuestras ofertas y servicios, y recolectar estad\u00edsticas sobre nuestros afiliados. Usaremos estas estad\u00edsticas para clasificar nuestros afiliados, por ejemplo, por pa\u00eds de residencia, y para enviarles nuevos servicios y promociones. Podemos utilizar su direcci\u00f3n de correo electr\u00f3nico para contactarlo en relaci\u00f3n con dichos nuevos servicios y promociones o para enviarle cartas circulares promocionales o mensajes electr\u00f3nicos, salvo que Ud. no lo desee (ver m\u00e1s adelante: pol\u00edtica de renuncia opt. out).<\/p>\n<p>\n<!-- \/wp:paragraph -->\n\n<p><\/p>\n<p><\/p>\n\n<!-- wp:paragraph -->\n<strong>Encuestas<\/strong>: Puerto Valle podr\u00e1 llevar a cabo o presentar peri\u00f3dicamente encuestas en l\u00ednea. La informaci\u00f3n obtenida por medio de dichas encuestas se usa para mejorar las ofertas de productos y servicios de Puerto Valle .<\/p>\n<p>\n<!-- \/wp:paragraph -->\n\n<p><\/p>\n<p><\/p>\n\n<!-- wp:paragraph -->\n<strong>Uso de la p\u00e1gina<\/strong>: Puerto Valle mantiene un seguimiento de las direcciones IP de los hosts con fines de administraci\u00f3n y seguridad del sistema. Tambi\u00e9n monitoreamos el tr\u00e1fico de la p\u00e1gina rastreando las vistas de la p\u00e1gina que nos permite planear crecimiento (por ejemplo, agregando nuevos servidores).<\/p>\n<p>\n<!-- \/wp:paragraph -->\n\n<p><\/p>\n<p><\/p>\n\n<!-- wp:paragraph -->\n<strong>Uso de cookies<\/strong>: Puerto Valle utiliza cookies a fin de hacer la p\u00e1gina m\u00e1s \"amigable al usuario\", permiti\u00e9ndole a Ud. utilizar servicios sin tener que ingresar repetidamente la informaci\u00f3n de registro.<\/p>\n<p>\n<!-- \/wp:paragraph -->\n\n<p><\/p>\n<p><\/p>\n\n<!-- wp:paragraph -->\n<strong>Divulgaci\u00f3n a terceros<\/strong>: Si Ud. reserva o compra productos o servicios en esta p\u00e1gina, Puerto Valle suministra la informaci\u00f3n personal relevante al proveedor del servicio contratado involucrado para completar las transacciones. Puerto Valle tambi\u00e9n suministra informaci\u00f3n personal a sus proveedores externos de servicios (tales como los programadores de Puerto Valle ) que asisten a Puerto Valle en el suministro, mantenimiento y comercializaci\u00f3n de esta p\u00e1gina, pero esos terceros est\u00e1n sujetos a contratos de confidencialidad que proh\u00edben la utilizaci\u00f3n o divulgaci\u00f3n no autorizadas de la informaci\u00f3n a la cual tienen acceso. Puerto Valle no vende a terceros \"listados de usuarios\" o nombres de miembros individuales, y no tiene intenci\u00f3n de hacerlo en el futuro. Puerto Valle divulgar\u00e1 informaci\u00f3n personal a funcionarios de gobierno o entidades legales cuando creamos de buena fe que la ley as\u00ed lo requiere, y divulgaremos informaci\u00f3n personal, si creemos que es necesario hacerlo para protecci\u00f3n contra interferencia de los derechos o propiedades de Puerto Valle o de sus usuarios. Puerto Valle tambi\u00e9n podr\u00e1 compartir informaci\u00f3n personal con sus afiliados.<\/p>\n<p>\n<!-- \/wp:paragraph -->\n\n<p><\/p>\n<p><\/p>\n\n<!-- wp:paragraph -->\n<strong>Pol\u00edtica de renuncia (opt out)<\/strong>: Si Ud. reserva o compra productos o servicios en esta p\u00e1gina, Puerto Valle suministra la informaci\u00f3n personal relevante al proveedor del servicio contratado involucrado para completar las transacciones. Puerto Valle tambi\u00e9n suministra informaci\u00f3n personal a sus proveedores externos de servicios (tales como los programadores de Puerto Valle ) que asisten a Puerto Valle en el suministro, mantenimiento y comercializaci\u00f3n de esta p\u00e1gina, pero esos terceros est\u00e1n sujetos a contratos de confidencialidad que proh\u00edben la utilizaci\u00f3n o divulgaci\u00f3n no autorizadas de la informaci\u00f3n a la cual tienen acceso. Puerto Valle no vende a terceros \"listados de usuarios\" o nombres de miembros individuales, y no tiene intenci\u00f3n de hacerlo en el futuro. Puerto Valle divulgar\u00e1 informaci\u00f3n personal a funcionarios de gobierno o entidades legales cuando creamos de buena fe que la ley as\u00ed lo requiere, y divulgaremos informaci\u00f3n personal, si creemos que es necesario hacerlo para protecci\u00f3n contra interferencia de los derechos o propiedades de Puerto Valle o de sus usuarios. Puerto Valle tambi\u00e9n podr\u00e1 compartir informaci\u00f3n personal con sus afiliados.<\/p>\n<p>\n<!-- \/wp:paragraph -->\n\n<p><\/p>\n<p><\/p>\n\n<!-- wp:paragraph -->\n<strong>Almacenamiento y transferencia de informaci\u00f3n<\/strong>: Por cuestiones de seguridad, Puerto Valle no guarda informaci\u00f3n sobre las tarjetas de cr\u00e9dito de sus usuarios. Por esta raz\u00f3n, cada vez que el usuario realice una transacci\u00f3n deber\u00e1 ingresar los datos de su tarjeta de cr\u00e9dito nuevamente. Toda otra informaci\u00f3n personal es recolectada y almacenada en servidores ubicados f\u00edsicamente en los Estados Unidos. Puerto Valle puede reubicar estos servidores en cualquier otro pa\u00eds, en el futuro, y puede almacenar informaci\u00f3n personal en los Estados Unidos o en otros pa\u00edses, con fines de respaldo o back up.<\/p>\n<p>\n<!-- \/wp:paragraph -->\n\n<p><\/p>\n<p><\/p>\n\n<!-- wp:paragraph -->\n<strong>V\u00ednculos externos<\/strong>: Esta p\u00e1gina tiene v\u00ednculos (links) con otras p\u00e1ginas. Puerto Valle no es responsable por la confidencialidad o contenido de tales p\u00e1ginas web.<\/p>\n<p>\n<!-- \/wp:paragraph -->\n\n<p><\/p>\n<p><\/p>\n\n<!-- wp:paragraph -->\n<strong>Acceso p\u00fablico a la informaci\u00f3n<\/strong>: Al colocar informaci\u00f3n en un \u00e1rea p\u00fablica de esta p\u00e1gina (por ejemplo: avisos, grupos de chat, \u00e1lbumes de fotograf\u00edas electr\u00f3nicos) esta informaci\u00f3n estar\u00e1 disponible a otros miembros y usuarios de la p\u00e1gina. Puerto Valle no puede controlar la utilizaci\u00f3n que hagan los miembros y usuarios de la informaci\u00f3n publicada en la p\u00e1gina. Por favor, recuerde que cualquier informaci\u00f3n que se divulgue en estas \u00e1reas puede convertirse en informaci\u00f3n p\u00fablica y se debe ejercer cuidado cuando se decida divulgar tal informaci\u00f3n.<\/p>\n<p>\n<!-- \/wp:paragraph -->\n\n<p><\/p>\n<p><\/p>\n\n<!-- wp:paragraph -->\n<strong>Seguridad<\/strong>: Esta p\u00e1gina contiene medidas de seguridad para protecci\u00f3n contra p\u00e9rdida, uso indebido, o alteraci\u00f3n de la informaci\u00f3n, bajo control de Puerto Valle . Estas medidas de seguridad incluyen el uso de codificaci\u00f3n SSL (Secure Socket Layer) que es un sistema que permite a su browser codificar autom\u00e1ticamente los datos antes de enviarlos a Puerto Valle . A pesar de nuestras medidas de seguridad, le rogamos tener en cuenta que la \"seguridad perfecta\" no existe en Internet.<\/p>\n<p>\n<!-- \/wp:paragraph -->\n\n<p><\/p>\n<p><\/p>\n\n<!-- wp:paragraph -->\n<strong>Para contactarnos<\/strong>: Si tiene preguntas sobre esta \"Declaraci\u00f3n de Confidencialidad\", las pr\u00e1cticas de Puerto Valle , o sus negociaciones con la p\u00e1gina de Puerto Valle , nos puede contactar en la secci\u00f3n de \"Cont\u00e1ctenos\".<\/p>\n<p>\n<!-- \/wp:paragraph -->\n\n<p><\/p>\n<p><\/p>\n\n<!-- wp:paragraph -->\n<strong>Modificaciones<\/strong>: Cualquier modificaci\u00f3n a la manera como Puerto Valle utiliza la Informaci\u00f3n Personal ser\u00e1 reflejada en versiones futuras de esta \"Declaraci\u00f3n de Confidencialidad\", y ser\u00e1n publicadas en esta p\u00e1gina. Puerto Valle encarece a los usuarios el revisar peri\u00f3dicamente esta \"Declaraci\u00f3n de Confidencialidad\".<\/p>\n<p>\n<!-- \/wp:paragraph -->\n\n<p><\/p>\n<p><\/p>\n\n<!-- wp:paragraph -->\n<strong>Aplicabilidad<\/strong>: Al navegar y\/o usar esta p\u00e1gina usted acepta expresamente cualquier utilizaci\u00f3n y divulgaci\u00f3n de la informaci\u00f3n que Ud. entrega a la p\u00e1gina (\"informaci\u00f3n personal\") de acuerdo con las condiciones de uso de Puerto Valle y de esta \u201cDeclaraci\u00f3n de Confidencialidad\u201d. Esta \u201cDeclaraci\u00f3n de Confidencialidad\u201d est\u00e1 incorporada y sujeta a las condiciones de uso de Puerto Valle . Esta p\u00e1gina es para fines relacionados con alquiler de hoteles y est\u00e1 prohibida cualquier otra utilizaci\u00f3n.<\/p>\n<p>\n<!-- \/wp:paragraph -->\n\n<p><\/p>\n<p>[\/et_pb_text][\/et_pb_column][\/et_pb_row][\/et_pb_section]<\/p>","_et_gb_content_width":"","footnotes":""},"class_list":["post-1436","page","type-page","status-publish","has-post-thumbnail","hentry"],"aioseo_notices":[],"_links":{"self":[{"href":"https:\/\/hotelpuertovalle.com\/en\/wp-json\/wp\/v2\/pages\/1436","targetHints":{"allow":["GET"]}}],"collection":[{"href":"https:\/\/hotelpuertovalle.com\/en\/wp-json\/wp\/v2\/pages"}],"about":[{"href":"https:\/\/hotelpuertovalle.com\/en\/wp-json\/wp\/v2\/types\/page"}],"author":[{"embeddable":true,"href":"https:\/\/hotelpuertovalle.com\/en\/wp-json\/wp\/v2\/users\/1"}],"replies":[{"embeddable":true,"href":"https:\/\/hotelpuertovalle.com\/en\/wp-json\/wp\/v2\/comments?post=1436"}],"version-history":[{"count":3,"href":"https:\/\/hotelpuertovalle.com\/en\/wp-json\/wp\/v2\/pages\/1436\/revisions"}],"predecessor-version":[{"id":5879,"href":"https:\/\/hotelpuertovalle.com\/en\/wp-json\/wp\/v2\/pages\/1436\/revisions\/5879"}],"wp:featuredmedia":[{"embeddable":true,"href":"https:\/\/hotelpuertovalle.com\/en\/wp-json\/wp\/v2\/media\/822"}],"wp:attachment":[{"href":"https:\/\/hotelpuertovalle.com\/en\/wp-json\/wp\/v2\/media?parent=1436"}],"curies":[{"name":"wp","href":"https:\/\/api.w.org\/{rel}","templated":true}]}}